{"id":3810,"date":"2025-08-27T06:10:54","date_gmt":"2025-08-27T06:10:54","guid":{"rendered":"https:\/\/glassense.com\/?page_id=3810"},"modified":"2025-09-01T11:21:56","modified_gmt":"2025-09-01T11:21:56","slug":"juhtimispohimotted","status":"publish","type":"page","link":"https:\/\/glassense.com\/et\/juhtimispohimotted\/","title":{"rendered":"Juhtimisp\u00f5him\u00f5tted"},"content":{"rendered":"\n<h1 class=\"wp-block-heading\">Glassense AS kvaliteedi, t\u00f6\u00f6tervishoiu, ohutuse ja keskkonna juhtp\u00f5him\u00f5tted<\/h1>\n\n\n\n<p>Glassense AS tegeleb k\u00f5rgekvaliteetsete ehitusklaaside tootmise ning m\u00fc\u00fcgiga. Oma tegevusega avaldame m\u00f5ju t\u00f6\u00f6tajate tervisele ja keskkonnale, mist\u00f5ttu on meil vastutus nii meie t\u00f6\u00f6tajate, grupi, omanike ja klientide, kui ka keskkonna ning \u00fchiskonna (sh naabrite) ees.<\/p>\n\n\n\n<p>Selleks:<\/p>\n\n\n\n<ul class=\"wp-block-list\">\n<li>T\u00e4idame igap\u00e4evaselt meie tegevusvaldkonda reguleerivaid \u00f5igusakte<\/li>\n\n\n\n<li>Uusi tooteid ja meetodeid arendades ning uusi tehnoloogiaid kasutusele v\u00f5ttes arvestame kvaliteedi-, t\u00f6\u00f6tervise-, ohutuse- ja keskkonnaalaste aspektidega, v\u00e4ldime potentsiaalset tervise- ja keskkonnakahju ning soetame v\u00f5imaluse korral ohutuma, s\u00e4\u00e4stlikuma ja efektiivsema variandi<\/li>\n\n\n\n<li>Rakendame oma kvaliteedi, t\u00f6\u00f6tervishoiu, ohutus ja keskkonna juhtp\u00f5him\u00f5tteid ka ajutiste t\u00f6\u00f6tajate ja allt\u00f6\u00f6v\u00f5tjate puhul<\/li>\n\n\n\n<li>Parendame j\u00e4rjepidevalt oma juhtimiss\u00fcsteemi<\/li>\n<\/ul>\n\n\n\n<p>Kliendirahulolu<\/p>\n\n\n\n<p>Anname endast parima, et klient saaks oma tellimuse k\u00e4tte just siis, kui talle on lubatud. Selleks j\u00e4lgime OTIF-i tulemust ning lubatud tarnekuup\u00e4evasid.<\/p>\n\n\n\n<p>Pakkumisi koostades oleme paindlikud ning \u00fcritame kliendile pakkuda tema jaoks parimat lahendust.<\/p>\n\n\n\n<p>J\u00e4lgime kliendireklamatsioonide protsenti kogu toodangust, et veenduda klientide rahulolus.<\/p>\n\n\n\n<p>T\u00f6\u00f6tervishoid ja -ohutus<\/p>\n\n\n\n<p>Meie tervishoiualase t\u00f6\u00f6 peamiseks eesm\u00e4rgiks on v\u00e4ltida t\u00f6\u00f6\u00f5nnetusi, t\u00f6\u00f6st p\u00f5hjustatud haigestumisi ja kutsehaigestumisi l\u00e4bi pideva t\u00f6\u00f6keskkonna parendamise, t\u00f6\u00f6andja tervisekindlustuse ning tervisespordi soodustamise. Selleks:<\/p>\n\n\n\n<ul class=\"wp-block-list\">\n<li>Hindame regulaarselt t\u00f6\u00f6st tulenevaid terviseriske ning v\u00f5tame kasutusele meetmed nende v\u00e4ltimiseks v\u00f5i minimeerimiseks<\/li>\n\n\n\n<li>Propageerime ja toetame tervisespordiga tegelemist<\/li>\n\n\n\n<li>Pakume t\u00f6\u00f6tajatele v\u00f5imalusi oma tervist edendada v\u00e4ljaspool riiklikku meditsiini s\u00fcsteemi<\/li>\n\n\n\n<li>Kaasame t\u00f6\u00f6tajate esindajaid juhtimiss\u00fcsteemi arendamisega seonduvatesse protsessidesse<\/li>\n<\/ul>\n\n\n\n<p>Keskkond<\/p>\n\n\n\n<p>Meie keskkonnaalase t\u00f6\u00f6 peamiseks eesm\u00e4rgiks on v\u00e4ltida saastet l\u00e4bi toormaterjalide kasutamise optimeerimise ning kordus- ja taaskasutusse suunatavate j\u00e4\u00e4tmete osakaalu suurendamise. Selleks:<\/p>\n\n\n\n<ul class=\"wp-block-list\">\n<li>Teeme j\u00e4rjepidevalt t\u00f6\u00f6d olme- ja tehnoloogiliste j\u00e4\u00e4tmete sorteerimisel ning tehnoloogilisi edasiarendusi tehase praagiprotsendi v\u00e4hendamise nimel<\/li>\n\n\n\n<li>Teeme j\u00e4rjepidevat t\u00f6\u00f6d toomisprotsesside efektiivistamiseks, et tagada vee ja energia s\u00e4\u00e4stlikum tarbimine<\/li>\n\n\n\n<li>Teeme pidevat koost\u00f6\u00f6d j\u00e4\u00e4tmek\u00e4itlejatega ettev\u00f5ttes tekkivatele j\u00e4\u00e4tmetele uute kordus- ja taaskasutusv\u00f5imaluste leidmiseks<\/li>\n<\/ul>\n\n\n\n<p>Informatsioon<\/p>\n\n\n\n<p>Meie suhtumist t\u00e4histab avatus, asjalikkus ning lugupidavad suhted k\u00f5igi huvigruppidega sh kliendid, t\u00f6\u00f6tajad, tarnijad, kohalikud v\u00f5imud, naabrid, omanikud ja avalikkus. Suhtlemisel huvigruppidega oleme vastutustundlikud.<\/p>\n","protected":false},"excerpt":{"rendered":"<p>Glassense AS kvaliteedi, t\u00f6\u00f6tervishoiu, ohutuse ja keskkonna juhtp\u00f5him\u00f5tted Glassense AS tegeleb k\u00f5rgekvaliteetsete ehitusklaaside tootmise ning&#8230;<\/p>\n","protected":false},"author":2,"featured_media":1308,"parent":0,"menu_order":0,"comment_status":"closed","ping_status":"closed","template":"","meta":{"inline_featured_image":false,"footnotes":""},"class_list":["post-3810","page","type-page","status-publish","has-post-thumbnail","hentry"],"acf":[],"yoast_head":"<!-- This site is optimized with the Yoast SEO plugin v25.7 - https:\/\/yoast.com\/wordpress\/plugins\/seo\/ -->\n<title>Glassense - Juhtimisp\u00f5him\u00f5tted<\/title>\n<meta name=\"robots\" content=\"index, follow, max-snippet:-1, max-image-preview:large, max-video-preview:-1\" \/>\n<link rel=\"canonical\" href=\"https:\/\/glassense.com\/et\/juhtimispohimotted\/\" \/>\n<meta property=\"og:locale\" content=\"et_EE\" \/>\n<meta property=\"og:type\" content=\"article\" \/>\n<meta property=\"og:title\" content=\"Glassense - Juhtimisp\u00f5him\u00f5tted\" \/>\n<meta property=\"og:description\" content=\"Glassense AS kvaliteedi, t\u00f6\u00f6tervishoiu, ohutuse ja keskkonna juhtp\u00f5him\u00f5tted Glassense AS tegeleb k\u00f5rgekvaliteetsete ehitusklaaside tootmise ning...\" \/>\n<meta property=\"og:url\" content=\"https:\/\/glassense.com\/et\/juhtimispohimotted\/\" \/>\n<meta property=\"og:site_name\" content=\"admin\" \/>\n<meta property=\"article:modified_time\" content=\"2025-09-01T11:21:56+00:00\" \/>\n<meta property=\"og:image\" content=\"https:\/\/glassense.com\/wp-content\/uploads\/2023\/01\/TonuTunnel_20140213_009UMa_TTP2930-scaled.jpg\" \/>\n\t<meta property=\"og:image:width\" content=\"2560\" \/>\n\t<meta property=\"og:image:height\" content=\"1709\" \/>\n\t<meta property=\"og:image:type\" content=\"image\/jpeg\" \/>\n<meta name=\"twitter:card\" content=\"summary_large_image\" \/>\n<meta name=\"twitter:label1\" content=\"Est. reading time\" \/>\n\t<meta name=\"twitter:data1\" content=\"2 minutit\" \/>\n<script type=\"application\/ld+json\" class=\"yoast-schema-graph\">{\"@context\":\"https:\/\/schema.org\",\"@graph\":[{\"@type\":\"WebPage\",\"@id\":\"https:\/\/glassense.com\/et\/juhtimispohimotted\/\",\"url\":\"https:\/\/glassense.com\/et\/juhtimispohimotted\/\",\"name\":\"Glassense - Juhtimisp\u00f5him\u00f5tted\",\"isPartOf\":{\"@id\":\"https:\/\/glassense.com\/et\/#website\"},\"primaryImageOfPage\":{\"@id\":\"https:\/\/glassense.com\/et\/juhtimispohimotted\/#primaryimage\"},\"image\":{\"@id\":\"https:\/\/glassense.com\/et\/juhtimispohimotted\/#primaryimage\"},\"thumbnailUrl\":\"https:\/\/glassense.com\/wp-content\/uploads\/2023\/01\/TonuTunnel_20140213_009UMa_TTP2930-scaled.jpg\",\"datePublished\":\"2025-08-27T06:10:54+00:00\",\"dateModified\":\"2025-09-01T11:21:56+00:00\",\"breadcrumb\":{\"@id\":\"https:\/\/glassense.com\/et\/juhtimispohimotted\/#breadcrumb\"},\"inLanguage\":\"et\",\"potentialAction\":[{\"@type\":\"ReadAction\",\"target\":[\"https:\/\/glassense.com\/et\/juhtimispohimotted\/\"]}]},{\"@type\":\"ImageObject\",\"inLanguage\":\"et\",\"@id\":\"https:\/\/glassense.com\/et\/juhtimispohimotted\/#primaryimage\",\"url\":\"https:\/\/glassense.com\/wp-content\/uploads\/2023\/01\/TonuTunnel_20140213_009UMa_TTP2930-scaled.jpg\",\"contentUrl\":\"https:\/\/glassense.com\/wp-content\/uploads\/2023\/01\/TonuTunnel_20140213_009UMa_TTP2930-scaled.jpg\",\"width\":2560,\"height\":1709},{\"@type\":\"BreadcrumbList\",\"@id\":\"https:\/\/glassense.com\/et\/juhtimispohimotted\/#breadcrumb\",\"itemListElement\":[{\"@type\":\"ListItem\",\"position\":1,\"name\":\"Home\",\"item\":\"https:\/\/glassense.com\/et\/\"},{\"@type\":\"ListItem\",\"position\":2,\"name\":\"Juhtimisp\u00f5him\u00f5tted\"}]},{\"@type\":\"WebSite\",\"@id\":\"https:\/\/glassense.com\/et\/#website\",\"url\":\"https:\/\/glassense.com\/et\/\",\"name\":\"admin\",\"description\":\"\",\"potentialAction\":[{\"@type\":\"SearchAction\",\"target\":{\"@type\":\"EntryPoint\",\"urlTemplate\":\"https:\/\/glassense.com\/et\/?s={search_term_string}\"},\"query-input\":{\"@type\":\"PropertyValueSpecification\",\"valueRequired\":true,\"valueName\":\"search_term_string\"}}],\"inLanguage\":\"et\"}]}<\/script>\n<!-- \/ Yoast SEO plugin. -->","yoast_head_json":{"title":"Glassense - Juhtimisp\u00f5him\u00f5tted","robots":{"index":"index","follow":"follow","max-snippet":"max-snippet:-1","max-image-preview":"max-image-preview:large","max-video-preview":"max-video-preview:-1"},"canonical":"https:\/\/glassense.com\/et\/juhtimispohimotted\/","og_locale":"et_EE","og_type":"article","og_title":"Glassense - Juhtimisp\u00f5him\u00f5tted","og_description":"Glassense AS kvaliteedi, t\u00f6\u00f6tervishoiu, ohutuse ja keskkonna juhtp\u00f5him\u00f5tted Glassense AS tegeleb k\u00f5rgekvaliteetsete ehitusklaaside tootmise ning...","og_url":"https:\/\/glassense.com\/et\/juhtimispohimotted\/","og_site_name":"admin","article_modified_time":"2025-09-01T11:21:56+00:00","og_image":[{"width":2560,"height":1709,"url":"https:\/\/glassense.com\/wp-content\/uploads\/2023\/01\/TonuTunnel_20140213_009UMa_TTP2930-scaled.jpg","type":"image\/jpeg"}],"twitter_card":"summary_large_image","twitter_misc":{"Est. reading time":"2 minutit"},"schema":{"@context":"https:\/\/schema.org","@graph":[{"@type":"WebPage","@id":"https:\/\/glassense.com\/et\/juhtimispohimotted\/","url":"https:\/\/glassense.com\/et\/juhtimispohimotted\/","name":"Glassense - Juhtimisp\u00f5him\u00f5tted","isPartOf":{"@id":"https:\/\/glassense.com\/et\/#website"},"primaryImageOfPage":{"@id":"https:\/\/glassense.com\/et\/juhtimispohimotted\/#primaryimage"},"image":{"@id":"https:\/\/glassense.com\/et\/juhtimispohimotted\/#primaryimage"},"thumbnailUrl":"https:\/\/glassense.com\/wp-content\/uploads\/2023\/01\/TonuTunnel_20140213_009UMa_TTP2930-scaled.jpg","datePublished":"2025-08-27T06:10:54+00:00","dateModified":"2025-09-01T11:21:56+00:00","breadcrumb":{"@id":"https:\/\/glassense.com\/et\/juhtimispohimotted\/#breadcrumb"},"inLanguage":"et","potentialAction":[{"@type":"ReadAction","target":["https:\/\/glassense.com\/et\/juhtimispohimotted\/"]}]},{"@type":"ImageObject","inLanguage":"et","@id":"https:\/\/glassense.com\/et\/juhtimispohimotted\/#primaryimage","url":"https:\/\/glassense.com\/wp-content\/uploads\/2023\/01\/TonuTunnel_20140213_009UMa_TTP2930-scaled.jpg","contentUrl":"https:\/\/glassense.com\/wp-content\/uploads\/2023\/01\/TonuTunnel_20140213_009UMa_TTP2930-scaled.jpg","width":2560,"height":1709},{"@type":"BreadcrumbList","@id":"https:\/\/glassense.com\/et\/juhtimispohimotted\/#breadcrumb","itemListElement":[{"@type":"ListItem","position":1,"name":"Home","item":"https:\/\/glassense.com\/et\/"},{"@type":"ListItem","position":2,"name":"Juhtimisp\u00f5him\u00f5tted"}]},{"@type":"WebSite","@id":"https:\/\/glassense.com\/et\/#website","url":"https:\/\/glassense.com\/et\/","name":"admin","description":"","potentialAction":[{"@type":"SearchAction","target":{"@type":"EntryPoint","urlTemplate":"https:\/\/glassense.com\/et\/?s={search_term_string}"},"query-input":{"@type":"PropertyValueSpecification","valueRequired":true,"valueName":"search_term_string"}}],"inLanguage":"et"}]}},"_links":{"self":[{"href":"https:\/\/glassense.com\/et\/wp-json\/wp\/v2\/pages\/3810","targetHints":{"allow":["GET"]}}],"collection":[{"href":"https:\/\/glassense.com\/et\/wp-json\/wp\/v2\/pages"}],"about":[{"href":"https:\/\/glassense.com\/et\/wp-json\/wp\/v2\/types\/page"}],"author":[{"embeddable":true,"href":"https:\/\/glassense.com\/et\/wp-json\/wp\/v2\/users\/2"}],"replies":[{"embeddable":true,"href":"https:\/\/glassense.com\/et\/wp-json\/wp\/v2\/comments?post=3810"}],"version-history":[{"count":3,"href":"https:\/\/glassense.com\/et\/wp-json\/wp\/v2\/pages\/3810\/revisions"}],"predecessor-version":[{"id":3823,"href":"https:\/\/glassense.com\/et\/wp-json\/wp\/v2\/pages\/3810\/revisions\/3823"}],"wp:featuredmedia":[{"embeddable":true,"href":"https:\/\/glassense.com\/et\/wp-json\/wp\/v2\/media\/1308"}],"wp:attachment":[{"href":"https:\/\/glassense.com\/et\/wp-json\/wp\/v2\/media?parent=3810"}],"curies":[{"name":"wp","href":"https:\/\/api.w.org\/{rel}","templated":true}]}}